{"id":18,"date":"2017-07-29T15:31:07","date_gmt":"2017-07-29T15:31:07","guid":{"rendered":"http:\/\/www.lukostrelbaklecany.cz\/?page_id=18"},"modified":"2026-02-18T16:12:35","modified_gmt":"2026-02-18T16:12:35","slug":"home","status":"publish","type":"page","link":"https:\/\/www.lukostrelbaklecany.cz\/","title":{"rendered":"Home"},"content":{"rendered":"<h3><span style=\"color: #ff0000;\"><strong>N\u00e1bor nov\u00fdch \u010dlen\u016f do na\u0161eho lukost\u0159eleck\u00e9ho odd\u00edlu!<\/strong><\/span><\/h3>\n<p>Nab\u00edr\u00e1me p\u0159edev\u0161\u00edm z \u0159ad \u017e\u00e1k\u016f a dorostu, neodm\u00edt\u00e1me v\u0161ak ani dosp\u011bl\u00e9. Lukost\u0159elbu si u n\u00e1s m\u016f\u017eete vyzkou\u0161et ka\u017ed\u00e9 \u00fater\u00fd, \u010dtvrtek a ned\u011ble.<\/p>\n<h1>&nbsp;<\/h1>\n<h2><b>V\u00edt\u00e1me v\u00e1s na str\u00e1nk\u00e1ch na\u0161eho lukost\u0159eleck\u00e9ho klubu!<\/b><\/h2>\n<p>Sportovn\u00ed lukost\u0159elba je z\u00e1bava, kter\u00e1 v\u00e1s vt\u00e1hne! P\u0159ipravili jsme pravideln\u00e9 lekce pro v\u0161echny, kdo si cht\u011bj\u00ed vyzkou\u0161et p\u0159esnost i soust\u0159ed\u011bn\u00ed v praxi. A\u0165 u\u017e hled\u00e1te netradi\u010dn\u00ed firemn\u00ed akci, nebo zpest\u0159en\u00ed sportovn\u00edho \u010di kulturn\u00edho programu, lukost\u0159elba dod\u00e1 va\u0161emu dni energii, sout\u011b\u017eivost i radost ze spole\u010dn\u00e9ho z\u00e1\u017eitku.<\/p>\n<p>Na\u0161e lekce vede t\u00fdm zku\u0161en\u00fdch tren\u00e9r\u016f. P\u0159edsedou klubu a hlavn\u00edm tren\u00e9rem je Miodrag \u010c\u00ed\u017eek, dr\u017eitel tren\u00e9rsk\u00e9 licence II. t\u0159\u00eddy. Odborn\u00fd r\u016fst je pro n\u00e1s d\u016fle\u017eit\u00fd, proto se i ostatn\u00ed \u010dlenov\u00e9 klubu neust\u00e1le vzd\u011bl\u00e1vaj\u00ed. Bezpe\u010dnost \u00fa\u010dastn\u00edk\u016f je pro n\u00e1s v\u017edy na prvn\u00edm m\u00edst\u011b. V\u00edce se dozv\u00edte v&nbsp;sekci <a href=\"https:\/\/www.lukostrelbaklecany.cz\/index.php\/co-umime\/\">Co um\u00edme<\/a>.<i><\/i><\/p>\n<p>U n\u00e1s lukost\u0159elba nekon\u010d\u00ed jen u st\u0159elby na ter\u010d. Nab\u00edz\u00edme mo\u017enost rozv\u00edjet se d\u00e1l \u2013 st\u00e1t se tren\u00e9rem, rozhod\u010d\u00edm nebo aktivn\u00edm \u010dlenem klubu. Otev\u00edr\u00e1me cestu k nov\u00fdm dovednostem i zku\u0161enostem, kter\u00e9 v\u00e1s posunou o krok d\u00e1l.<\/p>\n<p><em>Na\u0161\u00edm c\u00edlem je nab\u00eddnout v\u00e1m z\u00e1\u017eitek, kter\u00fd si opravdu u\u017eijete. A\u0165 u\u017e hled\u00e1te pravideln\u00e9 lekce, firemn\u00ed akci nebo zpest\u0159en\u00ed kulturn\u00edho programu, r\u00e1di s v\u00e1mi v\u0161e domluv\u00edme. Jsme p\u0159ipraveni odpov\u011bd\u011bt na va\u0161e dotazy a spole\u010dn\u011b napl\u00e1novat akci, kter\u00e1 v\u00e1s nadchne. Kontaktovat n\u00e1s m\u016f\u017eete telefonicky, emailem nebo p\u0159es kontaktn\u00ed formul\u00e1\u0159 v&nbsp;sekci <a href=\"https:\/\/www.lukostrelbaklecany.cz\/index.php\/chci-si-to-zkusit\/\">Lekce pro ve\u0159ejnost<\/a> \u2013 v\u0161echny \u00fadaje najdete v z\u00e1lo\u017ece <a href=\"https:\/\/www.lukostrelbaklecany.cz\/index.php\/contact\/\">Kontakty<\/a>. T\u011b\u0161\u00edme se na spolupr\u00e1ci!<\/em><\/p>\n","protected":false},"excerpt":{"rendered":"<p>N\u00e1bor nov\u00fdch \u010dlen\u016f do na\u0161eho lukost\u0159eleck\u00e9ho odd\u00edlu! Nab\u00edr\u00e1me p\u0159edev\u0161\u00edm z \u0159ad \u017e\u00e1k\u016f a dorostu, neodm\u00edt\u00e1me v\u0161ak ani dosp\u011bl\u00e9. Lukost\u0159elbu si u n\u00e1s m\u016f\u017eete vyzkou\u0161et ka\u017ed\u00e9 \u00fater\u00fd, \u010dtvrtek a ned\u011ble. &nbsp; V\u00edt\u00e1me v\u00e1s na str\u00e1nk\u00e1ch na\u0161eho lukost\u0159eleck\u00e9ho klubu! Sportovn\u00ed lukost\u0159elba je z\u00e1bava, kter\u00e1 v\u00e1s vt\u00e1hne! P\u0159ipravili jsme pravideln\u00e9 lekce pro v\u0161echny, kdo si cht\u011bj\u00ed vyzkou\u0161et p\u0159esnost &#8230; <a title=\"Home\" class=\"read-more\" href=\"https:\/\/www.lukostrelbaklecany.cz\/\">\u010d\u00edst v\u00edce<\/a><\/p>\n","protected":false},"author":1,"featured_media":0,"parent":0,"menu_order":0,"comment_status":"closed","ping_status":"closed","template":"","meta":{"ngg_post_thumbnail":0,"footnotes":""},"_links":{"self":[{"href":"https:\/\/www.lukostrelbaklecany.cz\/index.php\/wp-json\/wp\/v2\/pages\/18"}],"collection":[{"href":"https:\/\/www.lukostrelbaklecany.cz\/index.php\/wp-json\/wp\/v2\/pages"}],"about":[{"href":"https:\/\/www.lukostrelbaklecany.cz\/index.php\/wp-json\/wp\/v2\/types\/page"}],"author":[{"embeddable":true,"href":"https:\/\/www.lukostrelbaklecany.cz\/index.php\/wp-json\/wp\/v2\/users\/1"}],"replies":[{"embeddable":true,"href":"https:\/\/www.lukostrelbaklecany.cz\/index.php\/wp-json\/wp\/v2\/comments?post=18"}],"version-history":[{"count":47,"href":"https:\/\/www.lukostrelbaklecany.cz\/index.php\/wp-json\/wp\/v2\/pages\/18\/revisions"}],"predecessor-version":[{"id":3293,"href":"https:\/\/www.lukostrelbaklecany.cz\/index.php\/wp-json\/wp\/v2\/pages\/18\/revisions\/3293"}],"wp:attachment":[{"href":"https:\/\/www.lukostrelbaklecany.cz\/index.php\/wp-json\/wp\/v2\/media?parent=18"}],"curies":[{"name":"wp","href":"https:\/\/api.w.org\/{rel}","templated":true}]}}