{"id":299,"date":"2019-02-01T18:47:23","date_gmt":"2019-02-01T18:47:23","guid":{"rendered":"http:\/\/www.lukostrelbaklecany.cz\/?page_id=299"},"modified":"2019-02-01T18:55:52","modified_gmt":"2019-02-01T18:55:52","slug":"bazar","status":"publish","type":"page","link":"https:\/\/www.lukostrelbaklecany.cz\/index.php\/bazar\/","title":{"rendered":"Bazar"},"content":{"rendered":"<div id=\"af-wrapper\"><div id=\"forum-header\"><div id=\"forum-navigation-mobile\"><a><span class=\"fas fa-bars\"><\/span>Menu<\/a><\/div><span class=\"screen-reader-text\">Navigace f\u00f3ra<\/span><div id=\"forum-navigation\"><a class=\"home-link\" href=\"https:\/\/www.lukostrelbaklecany.cz\/index.php\/bazar\" target=\"_self\">Lukost\u0159eleck\u00fd bazar<\/a><\/div><div class=\"clear\"><\/div><\/div><div id=\"forum-breadcrumbs\" itemscope itemtype=\"http:\/\/schema.org\/BreadcrumbList\"><span class=\"screen-reader-text\">Navigace f\u00f3ra - nach\u00e1z\u00edte se zde:<\/span><span class=\"breadcrumb-icon fas fa-home\"><\/span><span itemprop=\"itemListElement\" itemscope itemtype=\"https:\/\/schema.org\/ListItem\"><a itemprop=\"item\" href=\"https:\/\/www.lukostrelbaklecany.cz\/index.php\/bazar\" title=\"V\u0161echny inzer\u00e1ty\"><span itemprop=\"name\">V\u0161echny inzer\u00e1ty<\/span><\/a><meta itemprop=\"position\" content=\"1\"><\/span><span class=\"breadcrumb-icon fas fa-chevron-right separator\"><\/span><\/div><h1 class=\"main-title main-title-\">V\u0161echny inzer\u00e1ty<\/h1><div class=\"title-element\" id=\"forum-category-11\">V\u0161e<span class=\"last-post-headline\">Posledn\u00ed inzer\u00e1t<\/span><\/div><div class=\"content-container\"><div class=\"content-element forum\" id=\"forum-2\"><div class=\"forum-status unread\"><i class=\"fas fa-comments\"><\/i><\/div><div class=\"forum-name\"><a class=\"forum-title\" href=\"https:\/\/www.lukostrelbaklecany.cz\/index.php\/bazar\/forum\/lukostrelecky-bazar\/\">Nab\u00eddka<\/a><small class=\"forum-stats\">60&nbsp;965 t\u00e9mat&nbsp;&middot;&nbsp;120&nbsp;659 p\u0159\u00edsp\u011bvk\u016f<\/small><small class=\"forum-lastpost-small\">Posledn\u00ed p\u0159\u00edsp\u011bvek:&nbsp;<a href=\"https:\/\/www.lukostrelbaklecany.cz\/index.php\/bazar\/topic\/diagnosis-co-morbid-617area-com-view-marcagloballlc-com-promote-marksgroupbd-ill-glaucoma\/#postid-120672\">Diagnosis: co-morbid 617area.com v &#8230;<\/a>&nbsp;&middot;&nbsp;<a href=\"https:\/\/www.lukostrelbaklecany.cz\/index.php\/bazar\/topic\/diagnosis-co-morbid-617area-com-view-marcagloballlc-com-promote-marksgroupbd-ill-glaucoma\/#postid-120672\">P\u0159ed 27 sekund<\/a>&nbsp;&middot;&nbsp;Host<\/small><\/div><div class=\"forum-poster\"><div class=\"forum-poster-avatar\"><img alt='' src='https:\/\/secure.gravatar.com\/avatar\/?s=40&#038;d=mm&#038;r=g' srcset='https:\/\/secure.gravatar.com\/avatar\/?s=80&#038;d=mm&#038;r=g 2x' class='avatar avatar-40 photo avatar-default' height='40' width='40' \/><\/div><div class=\"forum-poster-summary\"><a href=\"https:\/\/www.lukostrelbaklecany.cz\/index.php\/bazar\/topic\/diagnosis-co-morbid-617area-com-view-marcagloballlc-com-promote-marksgroupbd-ill-glaucoma\/#postid-120672\">Diagnosis: co-morbid 617a &#8230;<\/a><br><small><a href=\"https:\/\/www.lukostrelbaklecany.cz\/index.php\/bazar\/topic\/diagnosis-co-morbid-617area-com-view-marcagloballlc-com-promote-marksgroupbd-ill-glaucoma\/#postid-120672\">P\u0159ed 27 sekund<\/a><span>&nbsp;&middot;&nbsp;<\/span>Host<\/small><\/div><\/div><\/div><div class=\"content-element forum\" id=\"forum-3\"><div class=\"forum-status unread\"><i class=\"fas fa-comments\"><\/i><\/div><div class=\"forum-name\"><a class=\"forum-title\" href=\"https:\/\/www.lukostrelbaklecany.cz\/index.php\/bazar\/forum\/poptavka\/\">Popt\u00e1vka<\/a><small class=\"forum-stats\">7 t\u00e9mat&nbsp;&middot;&nbsp;9 p\u0159\u00edsp\u011bvk\u016f<\/small><small class=\"forum-lastpost-small\">Posledn\u00ed p\u0159\u00edsp\u011bvek:&nbsp;<a href=\"https:\/\/www.lukostrelbaklecany.cz\/index.php\/bazar\/topic\/heart-cis-platinum-containing-gluteal-sperm-pulse\/#postid-47064\">Heart cis-platinum-containing glut &#8230;<\/a>&nbsp;&middot;&nbsp;<a href=\"https:\/\/www.lukostrelbaklecany.cz\/index.php\/bazar\/topic\/heart-cis-platinum-containing-gluteal-sperm-pulse\/#postid-47064\">P\u0159ed 3 m\u011bs\u00edce<\/a>&nbsp;&middot;&nbsp;Host<\/small><\/div><div class=\"forum-poster\"><div class=\"forum-poster-avatar\"><img alt='' src='https:\/\/secure.gravatar.com\/avatar\/?s=40&#038;d=mm&#038;r=g' srcset='https:\/\/secure.gravatar.com\/avatar\/?s=80&#038;d=mm&#038;r=g 2x' class='avatar avatar-40 photo avatar-default' height='40' width='40' \/><\/div><div class=\"forum-poster-summary\"><a href=\"https:\/\/www.lukostrelbaklecany.cz\/index.php\/bazar\/topic\/heart-cis-platinum-containing-gluteal-sperm-pulse\/#postid-47064\">Heart cis-platinum-contai &#8230;<\/a><br><small><a href=\"https:\/\/www.lukostrelbaklecany.cz\/index.php\/bazar\/topic\/heart-cis-platinum-containing-gluteal-sperm-pulse\/#postid-47064\">P\u0159ed 3 m\u011bs\u00edce<\/a><span>&nbsp;&middot;&nbsp;<\/span>Host<\/small><\/div><\/div><\/div><\/div><div id=\"read-unread\"><span class=\"indicator unread\"><\/span><span class=\"indicator-label\">Nov\u00fd inzer\u00e1t<\/span><span class=\"indicator read\"><\/span><span class=\"indicator-label\">Nic nov\u00e9ho<\/span><span class=\"indicator-label\"><span class=\"fas fa-check\"><\/span><a href=\"https:\/\/www.lukostrelbaklecany.cz\/index.php\/bazar\/markallread\/?_wpnonce=ae7a6d4fa3\">Ozna\u010dit v\u0161e jako p\u0159e\u010dten\u00e9<\/a><\/span><span class=\"indicator-label\"><span class=\"fas fa-history\"><\/span><a href=\"https:\/\/www.lukostrelbaklecany.cz\/index.php\/bazar\/unread\/\">Zobraz nep\u0159e\u010dten\u00e9 inzer\u00e1ty<\/a><\/span><div class=\"clear\"><\/div><\/div><div id=\"bottom-navigation\"><\/div><div class=\"clear\"><\/div><\/div>\n","protected":false},"excerpt":{"rendered":"","protected":false},"author":2,"featured_media":0,"parent":0,"menu_order":0,"comment_status":"closed","ping_status":"closed","template":"elementor_header_footer","meta":{"ngg_post_thumbnail":0,"footnotes":""},"_links":{"self":[{"href":"https:\/\/www.lukostrelbaklecany.cz\/index.php\/wp-json\/wp\/v2\/pages\/299"}],"collection":[{"href":"https:\/\/www.lukostrelbaklecany.cz\/index.php\/wp-json\/wp\/v2\/pages"}],"about":[{"href":"https:\/\/www.lukostrelbaklecany.cz\/index.php\/wp-json\/wp\/v2\/types\/page"}],"author":[{"embeddable":true,"href":"https:\/\/www.lukostrelbaklecany.cz\/index.php\/wp-json\/wp\/v2\/users\/2"}],"replies":[{"embeddable":true,"href":"https:\/\/www.lukostrelbaklecany.cz\/index.php\/wp-json\/wp\/v2\/comments?post=299"}],"version-history":[{"count":8,"href":"https:\/\/www.lukostrelbaklecany.cz\/index.php\/wp-json\/wp\/v2\/pages\/299\/revisions"}],"predecessor-version":[{"id":1757,"href":"https:\/\/www.lukostrelbaklecany.cz\/index.php\/wp-json\/wp\/v2\/pages\/299\/revisions\/1757"}],"wp:attachment":[{"href":"https:\/\/www.lukostrelbaklecany.cz\/index.php\/wp-json\/wp\/v2\/media?parent=299"}],"curies":[{"name":"wp","href":"https:\/\/api.w.org\/{rel}","templated":true}]}}